{"id":6533,"date":"2022-07-06T06:20:41","date_gmt":"2022-07-06T04:20:41","guid":{"rendered":"https:\/\/simuladorcazaytiro.es\/el-mejor-simulador-de-tiro\/"},"modified":"2025-03-21T19:17:13","modified_gmt":"2025-03-21T18:17:13","slug":"el-mejor-simulador-de-tiro","status":"publish","type":"page","link":"https:\/\/simuladorcazaytiro.es\/es\/","title":{"rendered":"El mejor simulador de tiro"},"content":{"rendered":"<section class=\"wpb-content-wrapper\"><p>[vc_row][vc_column][vc_column_text]<\/p>\n[\/vc_column_text][\/vc_column][\/vc_row][vc_row][vc_column][vc_empty_space][\/vc_column][\/vc_row][vc_row][vc_column][vc_column_text]<\/p>\n<h1>Simulador de Tiro en Toledo<\/h1>\n<p>[\/vc_column_text][\/vc_column][\/vc_row][vc_row content_placement=\u00bbtop\u00bb][vc_column css=\u00bb.vc_custom_1657097144511{border-radius: 5px !important;}\u00bb][vc_column_text css=\u00bb.vc_custom_1742577908068{margin-left: 10px !important;}\u00bb]<\/p>\n<p>El Simulador de Tiro N\u00ba1 en Toledo y Madrid<br>Tanto si eres un tirador avanzado como si es la primera vez que disparas, disfrutar\u00e1s de la pr\u00e1ctica que hemos preparado para ti.<br>Hay multitud de opciones de tiro y caza.<br>Puedes resolver problemas concretos, o simplemente mejorar tu porcentaje de aciertos.<br>Adem\u00e1s de practicar, puedes competir con amigos y pasarlo en grande.<br>Entre las muchas opciones que tenemos, encontrar\u00e1s las siguientes:<\/p>\n<p>[\/vc_column_text][\/vc_column][\/vc_row][vc_row gap=\u00bb10&#8243;][vc_column width=\u00bb1\/4&#8243;][vc_hoverbox image=\u00bb5983&#8243; primary_title=\u00bbOsos\u00bb primary_title_font_container=\u00bbcolor:%23ffffff\u00bb hover_title=\u00bbOsos\u00bb shape=\u00bbround\u00bb hover_btn_title=\u00bbReservar ahora\u00bb hover_btn_color=\u00bbjuicy-pink\u00bb use_custom_fonts_primary_title=\u00bbtrue\u00bb hover_add_button=\u00bbtrue\u00bb hover_btn_link=\u00bburl:https%3A%2F%2Fsimuladorcazaytiro.es%2Fes%2Freservar-ahora%2F|title:Reservar%20ahora|\u00bb]\u00bfEst\u00e1s preparado para encontrarte a un oso en la naturaleza? Para evitar errores relacionados con el estr\u00e9s, puedes simular encuentros y prepararte a fondo en el simulador. Prueba nuestros variados escenarios con osos que se acercan desde distintas direcciones y haz que analicen todos tus disparos<br>.[\/vc_hoverbox][\/vc_column][vc_column width=\u00bb1\/4&#8243;][vc_hoverbox image=\u00bb5981&#8243; primary_title=\u00bbAves\u00bb primary_title_font_container=\u00bbcolor:%23ffffff\u00bb hover_title=\u00bbAves\u00bb shape=\u00bbround\u00bb hover_btn_title=\u00bbReservar ahora\u00bb hover_btn_color=\u00bbjuicy-pink\u00bb use_custom_fonts_primary_title=\u00bbtrue\u00bb hover_add_button=\u00bbtrue\u00bb hover_btn_link=\u00bburl:https%3A%2F%2Fsimuladorcazaytiro.es%2Fes%2Freservar-ahora%2F|title:Reservar%20ahora|\u00bb]Su perro de muestra localiza algunos faisanes escondidos en la hierba alta de la pradera. Mantente alerta y dispara cuando despeguen en distintas direcciones.<br>Junto al lago encontrar\u00e1s \u00e1nades reales escondidos entre juncos y espada\u00f1as.<\/p>\n<p>Te esperan diferentes escenarios.[\/vc_hoverbox][\/vc_column][vc_column width=\u00bb1\/4&#8243;][vc_hoverbox image=\u00bb5995&#8243; primary_title=\u00bbCaza del urogallo\u00bb primary_title_font_container=\u00bbcolor:%23ffffff\u00bb hover_title=\u00bbCaza del urogallo\u00bb shape=\u00bbround\u00bb hover_btn_title=\u00bbReservar ahora\u00bb hover_btn_color=\u00bbjuicy-pink\u00bb use_custom_fonts_primary_title=\u00bbtrue\u00bb hover_add_button=\u00bbtrue\u00bb hover_btn_link=\u00bburl:https%3A%2F%2Fsimuladorcazaytiro.es%2Fes%2Freservar-ahora%2F|title:Reservar%20ahora|\u00bb]Bienvenido a las hermosas tierras altas de Noruega. Espere a que tu fiel Pointer saque las aves. apuntas y disparas. Elige tu tipo de juego tanto en el modo de entrenamiento como en el de competici\u00f3n.[\/vc_hoverbox][\/vc_column][vc_column width=\u00bb1\/4&#8243;][vc_hoverbox image=\u00bb5994&#8243; primary_title=\u00bbTiro pr\u00e1ctico\u00bb primary_title_font_container=\u00bbcolor:%23ffffff\u00bb hover_title=\u00bbTiro pr\u00e1ctico\u00bb shape=\u00bbround\u00bb hover_btn_title=\u00bbReservar ahora\u00bb hover_btn_color=\u00bbjuicy-pink\u00bb use_custom_fonts_primary_title=\u00bbtrue\u00bb hover_add_button=\u00bbtrue\u00bb hover_btn_link=\u00bburl:https%3A%2F%2Fsimuladorcazaytiro.es%2Fes%2Freservar-ahora%2F|title:Reservar%20ahora|\u00bb]Aqu\u00ed est\u00e1 nuestra gama de Tiro Pr\u00e1ctico con dianas grandes y peque\u00f1as, platos y otros elementos. Tu objetivo es simplemente ser tan r\u00e1pido como puedas. Vigila tu munici\u00f3n y no olvides recargar cuando sea necesario.[\/vc_hoverbox][\/vc_column][\/vc_row][vc_row][vc_column][vc_empty_space][\/vc_column][\/vc_row][vc_row gap=\u00bb10&#8243;][vc_column width=\u00bb1\/4&#8243;][vc_hoverbox image=\u00bb5982&#8243; primary_title=\u00bbJabal\u00edes\u00bb primary_title_font_container=\u00bbcolor:%23ffffff\u00bb hover_title=\u00bbJabal\u00edes\u00bb shape=\u00bbround\u00bb hover_btn_title=\u00bbReservar ahora\u00bb hover_btn_color=\u00bbjuicy-pink\u00bb use_custom_fonts_primary_title=\u00bbtrue\u00bb hover_add_button=\u00bbtrue\u00bb hover_btn_link=\u00bburl:https%3A%2F%2Fsimuladorcazaytiro.es%2Fes%2Freservar-ahora%2F|title:Reservar%20ahora|\u00bb]Encontrar\u00e1s un mont\u00f3n de escenarios diferentes, todos ellos seguidos de un analizador de impactos que muestra los \u00e1ngulos de los objetivos y la letalidad.<\/p>\n<p>Seguro que lo disfrutar\u00e1s.<\/p>\n<p>No espere y reserve ahora.<\/p>\n<p>El favorito de los clientes.[\/vc_hoverbox][\/vc_column][vc_column width=\u00bb1\/4&#8243;][vc_hoverbox image=\u00bb5985&#8243; primary_title=\u00bbEducaci\u00f3n\u00bb primary_title_font_container=\u00bbcolor:%23ffffff\u00bb hover_title=\u00bbEducaci\u00f3n\u00bb shape=\u00bbround\u00bb hover_btn_title=\u00bbReservar ahora\u00bb hover_btn_color=\u00bbjuicy-pink\u00bb use_custom_fonts_primary_title=\u00bbtrue\u00bb hover_add_button=\u00bbtrue\u00bb hover_btn_link=\u00bburl:https%3A%2F%2Fsimuladorcazaytiro.es%2Fes%2Freservar-ahora%2F|title:Reservar%20ahora|\u00bb]Este m\u00f3dulo visualiza tu tasa de aciertos mostrando el \u00e1ngulo de impacto. El objetivo principal y el \u00f3rgano que realmente fue alcanzado. Es una gran herramienta de ense\u00f1anza para cualquier instructor de caza. Elija entre alces, jabal\u00edes u osos, todo ello en un bello entorno forestal.[\/vc_hoverbox][\/vc_column][vc_column width=\u00bb1\/4&#8243;][vc_hoverbox image=\u00bb5989&#8243; primary_title=\u00bb\u00bb primary_title_font_container=\u00bbcolor:%23ffffff\u00bb hover_title=\u00bbCompetici\u00f3n individual.\u00bb shape=\u00bbround\u00bb hover_btn_title=\u00bbReservar ahora\u00bb hover_btn_color=\u00bbjuicy-pink\u00bb use_custom_fonts_primary_title=\u00bbtrue\u00bb hover_add_button=\u00bbtrue\u00bb hover_btn_link=\u00bburl:https%3A%2F%2Fsimuladorcazaytiro.es%2Fes%2Freservar-ahora%2F|title:Reservar%20ahora|\u00bb]Dispara individualmente y consigue el mayor n\u00famero de puntos posible para subir a lo m\u00e1s alto de la clasificaci\u00f3n. Selecciona entre aves, jabal\u00edes y osos y m\u00faltiples escenarios. Disfruta mientras practicas y mejoras tus habilidades.[\/vc_hoverbox][\/vc_column][vc_column width=\u00bb1\/4&#8243;][vc_hoverbox image=\u00bb5984&#8243; primary_title=\u00bb\u00bb primary_title_font_container=\u00bbcolor:%23ffffff\u00bb hover_title=\u00bbDuelos\u00bb shape=\u00bbround\u00bb hover_btn_title=\u00bbReservar ahora\u00bb hover_btn_color=\u00bbjuicy-pink\u00bb use_custom_fonts_primary_title=\u00bbtrue\u00bb hover_add_button=\u00bbtrue\u00bb hover_btn_link=\u00bburl:https%3A%2F%2Fsimuladorcazaytiro.es%2Fes%2Freservar-ahora%2F|title:Reservar%20ahora|\u00bb]Organiza tu propia competici\u00f3n. Establece el n\u00famero de jugadores. Pod\u00e9is hacer equipos o podemos organizar vuestro equipo. Selecciona entre aves, jabal\u00edes y osos y m\u00faltiples escenarios. Disfruta mientras practicas y mejoras tus habilidades.[\/vc_hoverbox][\/vc_column][\/vc_row][vc_row][vc_column][vc_empty_space][\/vc_column][\/vc_row][vc_row gap=\u00bb10&#8243;][vc_column width=\u00bb1\/4&#8243;][vc_hoverbox image=\u00bb5993&#8243; primary_title=\u00bbObjetivo en movimiento\u00bb primary_title_font_container=\u00bbcolor:%23ffffff\u00bb hover_title=\u00bbObjetivo en movimiento\u00bb shape=\u00bbround\u00bb hover_btn_title=\u00bbReservar ahora\u00bb hover_btn_color=\u00bbjuicy-pink\u00bb use_custom_fonts_primary_title=\u00bbtrue\u00bb hover_add_button=\u00bbtrue\u00bb hover_btn_link=\u00bburl:https%3A%2F%2Fsimuladorcazaytiro.es%2Fes%2Freservar-ahora%2F|title:Reservar%20ahora|\u00bb]Practica el tiro cl\u00e1sico con rifle a blancos en movimiento. Objetivos de alce y jabal\u00ed disponibles a 30 u 80 metros (33 y 87,5 yardas). Enciende el dispositivo de seguimiento para que se analicen tus disparos.<\/p>\n<p>\u00a1Mejora tu punter\u00eda![\/vc_hoverbox][\/vc_column][vc_column width=\u00bb1\/4&#8243;][vc_hoverbox image=\u00bb5992&#8243; primary_title=\u00bbTiro al plato\u00bb primary_title_font_container=\u00bbcolor:%23ffffff\u00bb hover_title=\u00bbTiro al plato\u00bb shape=\u00bbround\u00bb hover_btn_title=\u00bbReservar ahora\u00bb hover_btn_color=\u00bbjuicy-pink\u00bb use_custom_fonts_primary_title=\u00bbtrue\u00bb hover_add_button=\u00bbtrue\u00bb hover_btn_link=\u00bburl:https%3A%2F%2Fsimuladorcazaytiro.es%2Fes%2Freservar-ahora%2F|title:Reservar%20ahora|\u00bb]Mejore sus habilidades con el que se considera el mejor simulador de tiro al plato del mundo. Skeet, trap y doble trap. Encienda su rastreador para que su \u00abswing de ca\u00f1\u00f3nl\u00bb sea debidamente analizado y visualizado.[\/vc_hoverbox][\/vc_column][vc_column width=\u00bb1\/4&#8243;][vc_hoverbox image=\u00bb5991&#8243; primary_title=\u00bbPunter\u00eda\u00bb primary_title_font_container=\u00bbcolor:%23ffffff\u00bb hover_title=\u00bbPunter\u00eda\u00bb shape=\u00bbround\u00bb hover_btn_title=\u00bbReservar ahora\u00bb hover_btn_color=\u00bbjuicy-pink\u00bb use_custom_fonts_primary_title=\u00bbtrue\u00bb hover_add_button=\u00bbtrue\u00bb hover_btn_link=\u00bburl:https%3A%2F%2Fsimuladorcazaytiro.es%2Fes%2Freservar-ahora%2F|title:Reservar%20ahora|\u00bb]Se recomienda tener una mano firme en este campo de tiro al aire libre para rifle y pistola. Modos de pr\u00e1ctica y competici\u00f3n disponibles. Aseg\u00farate de activar el rastreador para que tus disparos sean analizados correctamente.[\/vc_hoverbox][\/vc_column][vc_column width=\u00bb1\/4&#8243;][vc_hoverbox image=\u00bb5987&#8243; primary_title=\u00bbRecorrido de caza\u00bb primary_title_font_container=\u00bbcolor:%23ffffff\u00bb hover_title=\u00bbRecorrido de caza\u00bb shape=\u00bbround\u00bb hover_btn_title=\u00bbReservar ahora\u00bb hover_btn_color=\u00bbjuicy-pink\u00bb use_custom_fonts_primary_title=\u00bbtrue\u00bb hover_add_button=\u00bbtrue\u00bb hover_btn_link=\u00bburl:https%3A%2F%2Fsimuladorcazaytiro.es%2Fes%2Freservar-ahora%2F|title:Reservar%20ahora|\u00bb]Este m\u00f3dulo simula un sendero con una variedad de objetivos motorizados repartidos en diferentes lugares del bosque. En total, seis tipos de animales comunes que se suelen cazar con escopeta.[\/vc_hoverbox][\/vc_column][\/vc_row][vc_row][vc_column][vc_empty_space][\/vc_column][\/vc_row][vc_row gap=\u00bb10&#8243;][vc_column width=\u00bb1\/4&#8243;][vc_hoverbox image=\u00bb5990&#8243; primary_title=\u00bbT\u00e1ctica\u00bb primary_title_font_container=\u00bbcolor:%23ffffff\u00bb hover_title=\u00bbT\u00e1ctica\u00bb shape=\u00bbround\u00bb hover_btn_title=\u00bbReservar ahora\u00bb hover_btn_color=\u00bbjuicy-pink\u00bb use_custom_fonts_primary_title=\u00bbtrue\u00bb hover_add_button=\u00bbtrue\u00bb hover_btn_link=\u00bburl:https%3A%2F%2Fsimuladorcazaytiro.es%2Fes%2Freservar-ahora%2F|title:Reservar%20ahora|\u00bb]Un campo de tiro interior cl\u00e1sico con dianas. Selecciona un l\u00edmite de tiempo, tu distancia y la cantidad total de munici\u00f3n. Modo de dos jugadores disponible.<\/p>\n<p>Para todos los p\u00fablicos. Seguro que lo disfrutar\u00e1s.[\/vc_hoverbox][\/vc_column][vc_column width=\u00bb1\/4&#8243;][vc_hoverbox image=\u00bb5980&#8243; primary_title=\u00bbAsoc. Cazadores suecos\u00bb primary_title_font_container=\u00bbcolor:%23ffffff\u00bb hover_title=\u00bbCazadores suecos\u00bb shape=\u00bbround\u00bb hover_btn_title=\u00bbReservar ahora\u00bb hover_btn_color=\u00bbjuicy-pink\u00bb use_custom_fonts_primary_title=\u00bbtrue\u00bb hover_add_button=\u00bbtrue\u00bb hover_btn_link=\u00bburl:https%3A%2F%2Fsimuladorcazaytiro.es%2Fes%2Freservar-ahora%2F|title:Reservar%20ahora|\u00bb]Este es un m\u00f3dulo de formaci\u00f3n para quien desee refrescar sus habilidades de caza. Practica la punter\u00eda a varias distancias, \u00e1ngulos y velocidades.[\/vc_hoverbox][\/vc_column][vc_column width=\u00bb1\/4&#8243;][vc_hoverbox image=\u00bb5986&#8243; primary_title=\u00bbSalvaje Oeste\u00bb primary_title_font_container=\u00bbcolor:%23ffffff\u00bb hover_title=\u00bbSalvaje Oeste\u00bb shape=\u00bbround\u00bb hover_btn_title=\u00bbReservar ahora\u00bb hover_btn_color=\u00bbjuicy-pink\u00bb use_custom_fonts_primary_title=\u00bbtrue\u00bb hover_add_button=\u00bbtrue\u00bb hover_btn_link=\u00bburl:https%3A%2F%2Fsimuladorcazaytiro.es%2Fes%2Freservar-ahora%2F|title:Reservar%20ahora|\u00bb]Nuestro m\u00f3dulo m\u00e1s divertido, apto para cualquier persona de cualquier edad. Seguro que te diviertes.<br>De 1 a 4 tiradores. Si\u00e9ntete como un vaquero en el salvaje oeste disparando a los forajidos, sombreros, botellas, barriles e incluso al tren.[\/vc_hoverbox][\/vc_column][vc_column width=\u00bb1\/4&#8243;][vc_hoverbox image=\u00bb5988&#8243; primary_title=\u00bbSako Finn Five\u00bb primary_title_font_container=\u00bbcolor:%23ffffff\u00bb hover_title=\u00bbSako Finn Five\u00bb shape=\u00bbround\u00bb hover_btn_title=\u00bbReservar ahora\u00bb hover_btn_color=\u00bbjuicy-pink\u00bb use_custom_fonts_primary_title=\u00bbtrue\u00bb hover_add_button=\u00bbtrue\u00bb hover_btn_link=\u00bburl:https%3A%2F%2Fsimuladorcazaytiro.es%2Fes%2Freservar-ahora%2F|title:Reservar%20ahora|\u00bb]Saki Finn 5. Competici\u00f3n mixta. \u00bfQui\u00e9n ser\u00e1 el ganador?<\/p>\n<p>P\u00e1jaros, jabal\u00edes y alces. \u00bfEst\u00e1s preparado? \u00a1Termina tu sesi\u00f3n compitiendo con tus amigos![\/vc_hoverbox][\/vc_column][\/vc_row][vc_row][vc_column][vc_empty_space height=\u00bb64px\u00bb][\/vc_column][\/vc_row][vc_row][vc_column][vc_column_text]<\/p>\n<h2>Sesiones y precios<\/h2>\n<p>[\/vc_column_text][\/vc_column][\/vc_row][vc_row][vc_column][vc_column_text css=\u00bb.vc_custom_1742578724390{margin-left: 10px !important;}\u00bb]<\/p>\n<p>Puede reservar sesiones de 30 o 60 minutos. El precio es por sesi\u00f3n, independientemente del n\u00famero de personas. Para una mejor experiencia recomendamos un m\u00e1ximo de 4 personas, pero podemos organizar para ti una competici\u00f3n por turnos de dos tiradores a la vez. <\/p>\n<p>Ponte en contacto con nosotros para reservar antes de venir y asegurarte de que la sala no est\u00e1 ocupada.<\/p>\n<p>Si vienes en grupo, podemos organizar una divertida jornada completa con comida o cena en la que podr\u00e9is disfrutar del simulador durante todo el d\u00eda con competici\u00f3n incluida. Diversi\u00f3n 100% garantizada.<br>Tambi\u00e9n podemos llevar el simulador a tu casa para eventos y fiestas privadas. \u00c9xito garantizado. Ponte en contacto con nosotros y te prepararemos un presupuesto ajustado.   <\/p>\n<p>[\/vc_column_text][\/vc_column][\/vc_row][vc_row][vc_column][vc_column_text]<\/p>\n<h2>\u00bfD\u00f3nde estamos?<\/h2>\n<p>[\/vc_column_text][\/vc_column][\/vc_row][vc_row][vc_column][vc_gmaps link=\u00bb#E-8_JTNDaWZyYW1lJTIwc3JjJTNEJTIyaHR0cHMlM0ElMkYlMkZ3d3cuZ29vZ2xlLmNvbSUyRm1hcHMlMkZlbWJlZCUzRnBiJTNEJTIxMW0xOCUyMTFtMTIlMjExbTMlMjExZDExNDUuMzQ4MTU4OTMxNTY1JTIxMmQtNC4xNTA1MTIwNDg0NjI0MTQ1JTIxM2QzOS44MTE3OTQzOTQ0Njg5MiUyMTJtMyUyMTFmMCUyMTJmMCUyMTNmMCUyMTNtMiUyMTFpMTAyNCUyMTJpNzY4JTIxNGYxMy4xJTIxM20zJTIxMW0yJTIxMXMweGQ2YTczZTNiNjhhOWUxMSUyNTNBMHg4ZjM4MDg4MGRkNTYzMGFhJTIxMnM0NTE2MCUyNTIwR3VhZGFtdXIlMjUyQyUyNTIwVG9sZWRvJTIxNWUwJTIxM20yJTIxMXNlcyUyMTJzZXMlMjE0djE3NDI1NzgwNDU5NzAlMjE1bTIlMjExc2VzJTIxMnNlcyUyMiUyMHdpZHRoJTNEJTIyNjAwJTIyJTIwaGVpZ2h0JTNEJTIyNDUwJTIyJTIwc3R5bGUlM0QlMjJib3JkZXIlM0EwJTNCJTIyJTIwYWxsb3dmdWxsc2NyZWVuJTNEJTIyJTIyJTIwbG9hZGluZyUzRCUyMmxhenklMjIlMjByZWZlcnJlcnBvbGljeSUzRCUyMm5vLXJlZmVycmVyLXdoZW4tZG93bmdyYWRlJTIyJTNFJTNDJTJGaWZyYW1lJTNF\u00bb][\/vc_column][\/vc_row][vc_row][vc_column][vc_column_text]<\/p>\n<p><p>[\/vc_column_text][\/vc_column][\/vc_row]<\/p>\n<\/section>","protected":false},"excerpt":{"rendered":"<p>[vc_row][vc_column][vc_column_text] [\/vc_column_text][\/vc_column][\/vc_row][vc_row][vc_column][vc_empty_space][\/vc_column][\/vc_row][vc_row][vc_column][vc_column_text] Simulador de Tiro en Toledo [\/vc_column_text][\/vc_column][\/vc_row][vc_row content_placement=\u00bbtop\u00bb][vc_column css=\u00bb.vc_custom_1657097144511{border-radius: 5px !important;}\u00bb][vc_column_text css=\u00bb.vc_custom_1742577908068{margin-left: 10px !important;}\u00bb] El Simulador de Tiro N\u00ba1 en Toledo y MadridTanto si eres un tirador avanzado como si es la primera vez que disparas, disfrutar\u00e1s de la pr\u00e1ctica que hemos preparado para ti.Hay multitud de opciones de tiro y caza.Puedes resolver problemas concretos, o simplemente mejorar tu porcentaje de aciertos.Adem\u00e1s de practicar, puedes competir con amigos y pasarlo en grande.Entre las muchas [&hellip;]<\/p>\n","protected":false},"author":1,"featured_media":0,"parent":0,"menu_order":0,"comment_status":"closed","ping_status":"closed","template":"page-templates\/homepage-builder-bb.php","meta":{"footnotes":""},"class_list":["post-6533","page","type-page","status-publish","hentry"],"yoast_head":"<!-- This site is optimized with the Yoast SEO plugin v27.3 - https:\/\/yoast.com\/product\/yoast-seo-wordpress\/ -->\n<title>El mejor simulador de tiro - Toledo Shooting Simulator<\/title>\n<meta name=\"description\" content=\"Simulador de tiro N\u00ba1 en Toledo y Madrid. Mejora tus habilidades de tiro y caza. Practica con escopetas, rifles y pistolas. Entrenamiento o simplemente para divertirse.\" \/>\n<meta name=\"robots\" content=\"index, follow, max-snippet:-1, max-image-preview:large, max-video-preview:-1\" \/>\n<link rel=\"canonical\" href=\"https:\/\/simuladorcazaytiro.es\/es\/\" \/>\n<meta property=\"og:locale\" content=\"es_ES\" \/>\n<meta property=\"og:type\" content=\"article\" \/>\n<meta property=\"og:title\" content=\"El mejor simulador de tiro - Toledo Shooting Simulator\" \/>\n<meta property=\"og:description\" content=\"Simulador de tiro N\u00ba1 en Toledo y Madrid. Mejora tus habilidades de tiro y caza. Practica con escopetas, rifles y pistolas. Entrenamiento o simplemente para divertirse.\" \/>\n<meta property=\"og:url\" content=\"https:\/\/simuladorcazaytiro.es\/es\/\" \/>\n<meta property=\"og:site_name\" content=\"Toledo Shooting Simulator\" \/>\n<meta property=\"article:modified_time\" content=\"2025-03-21T18:17:13+00:00\" \/>\n<meta name=\"twitter:card\" content=\"summary_large_image\" \/>\n<meta name=\"twitter:label1\" content=\"Tiempo de lectura\" \/>\n\t<meta name=\"twitter:data1\" content=\"5 minutos\" \/>\n<script type=\"application\/ld+json\" class=\"yoast-schema-graph\">{\"@context\":\"https:\\\/\\\/schema.org\",\"@graph\":[{\"@type\":\"WebPage\",\"@id\":\"https:\\\/\\\/simuladorcazaytiro.es\\\/es\\\/\",\"url\":\"https:\\\/\\\/simuladorcazaytiro.es\\\/es\\\/\",\"name\":\"El mejor simulador de tiro - Toledo Shooting Simulator\",\"isPartOf\":{\"@id\":\"https:\\\/\\\/simuladorcazaytiro.es\\\/es\\\/#website\"},\"datePublished\":\"2022-07-06T04:20:41+00:00\",\"dateModified\":\"2025-03-21T18:17:13+00:00\",\"description\":\"Simulador de tiro N\u00ba1 en Toledo y Madrid. Mejora tus habilidades de tiro y caza. Practica con escopetas, rifles y pistolas. Entrenamiento o simplemente para divertirse.\",\"breadcrumb\":{\"@id\":\"https:\\\/\\\/simuladorcazaytiro.es\\\/es\\\/#breadcrumb\"},\"inLanguage\":\"es\",\"potentialAction\":[{\"@type\":\"ReadAction\",\"target\":[\"https:\\\/\\\/simuladorcazaytiro.es\\\/es\\\/\"]}]},{\"@type\":\"BreadcrumbList\",\"@id\":\"https:\\\/\\\/simuladorcazaytiro.es\\\/es\\\/#breadcrumb\",\"itemListElement\":[{\"@type\":\"ListItem\",\"position\":1,\"name\":\"Home\",\"item\":\"https:\\\/\\\/simuladorcazaytiro.es\\\/es\\\/\"},{\"@type\":\"ListItem\",\"position\":2,\"name\":\"El mejor simulador de tiro\"}]},{\"@type\":\"WebSite\",\"@id\":\"https:\\\/\\\/simuladorcazaytiro.es\\\/es\\\/#website\",\"url\":\"https:\\\/\\\/simuladorcazaytiro.es\\\/es\\\/\",\"name\":\"Toledo Shooting Simulator\",\"description\":\"Shooting Simulator N\u00ba1 in Toledo\",\"publisher\":{\"@id\":\"https:\\\/\\\/simuladorcazaytiro.es\\\/es\\\/#organization\"},\"potentialAction\":[{\"@type\":\"SearchAction\",\"target\":{\"@type\":\"EntryPoint\",\"urlTemplate\":\"https:\\\/\\\/simuladorcazaytiro.es\\\/es\\\/?s={search_term_string}\"},\"query-input\":{\"@type\":\"PropertyValueSpecification\",\"valueRequired\":true,\"valueName\":\"search_term_string\"}}],\"inLanguage\":\"es\"},{\"@type\":\"Organization\",\"@id\":\"https:\\\/\\\/simuladorcazaytiro.es\\\/es\\\/#organization\",\"name\":\"Toledo Shooting Simulator\",\"url\":\"https:\\\/\\\/simuladorcazaytiro.es\\\/es\\\/\",\"logo\":{\"@type\":\"ImageObject\",\"inLanguage\":\"es\",\"@id\":\"https:\\\/\\\/simuladorcazaytiro.es\\\/es\\\/#\\\/schema\\\/logo\\\/image\\\/\",\"url\":\"https:\\\/\\\/simuladorcazaytiro.es\\\/wp-content\\\/uploads\\\/2025\\\/03\\\/cropped-LOGOfirma.jpg\",\"contentUrl\":\"https:\\\/\\\/simuladorcazaytiro.es\\\/wp-content\\\/uploads\\\/2025\\\/03\\\/cropped-LOGOfirma.jpg\",\"width\":159,\"height\":189,\"caption\":\"Toledo Shooting Simulator\"},\"image\":{\"@id\":\"https:\\\/\\\/simuladorcazaytiro.es\\\/es\\\/#\\\/schema\\\/logo\\\/image\\\/\"}}]}<\/script>\n<!-- \/ Yoast SEO plugin. -->","yoast_head_json":{"title":"El mejor simulador de tiro - Toledo Shooting Simulator","description":"Simulador de tiro N\u00ba1 en Toledo y Madrid. Mejora tus habilidades de tiro y caza. Practica con escopetas, rifles y pistolas. Entrenamiento o simplemente para divertirse.","robots":{"index":"index","follow":"follow","max-snippet":"max-snippet:-1","max-image-preview":"max-image-preview:large","max-video-preview":"max-video-preview:-1"},"canonical":"https:\/\/simuladorcazaytiro.es\/es\/","og_locale":"es_ES","og_type":"article","og_title":"El mejor simulador de tiro - Toledo Shooting Simulator","og_description":"Simulador de tiro N\u00ba1 en Toledo y Madrid. Mejora tus habilidades de tiro y caza. Practica con escopetas, rifles y pistolas. Entrenamiento o simplemente para divertirse.","og_url":"https:\/\/simuladorcazaytiro.es\/es\/","og_site_name":"Toledo Shooting Simulator","article_modified_time":"2025-03-21T18:17:13+00:00","twitter_card":"summary_large_image","twitter_misc":{"Tiempo de lectura":"5 minutos"},"schema":{"@context":"https:\/\/schema.org","@graph":[{"@type":"WebPage","@id":"https:\/\/simuladorcazaytiro.es\/es\/","url":"https:\/\/simuladorcazaytiro.es\/es\/","name":"El mejor simulador de tiro - Toledo Shooting Simulator","isPartOf":{"@id":"https:\/\/simuladorcazaytiro.es\/es\/#website"},"datePublished":"2022-07-06T04:20:41+00:00","dateModified":"2025-03-21T18:17:13+00:00","description":"Simulador de tiro N\u00ba1 en Toledo y Madrid. Mejora tus habilidades de tiro y caza. Practica con escopetas, rifles y pistolas. Entrenamiento o simplemente para divertirse.","breadcrumb":{"@id":"https:\/\/simuladorcazaytiro.es\/es\/#breadcrumb"},"inLanguage":"es","potentialAction":[{"@type":"ReadAction","target":["https:\/\/simuladorcazaytiro.es\/es\/"]}]},{"@type":"BreadcrumbList","@id":"https:\/\/simuladorcazaytiro.es\/es\/#breadcrumb","itemListElement":[{"@type":"ListItem","position":1,"name":"Home","item":"https:\/\/simuladorcazaytiro.es\/es\/"},{"@type":"ListItem","position":2,"name":"El mejor simulador de tiro"}]},{"@type":"WebSite","@id":"https:\/\/simuladorcazaytiro.es\/es\/#website","url":"https:\/\/simuladorcazaytiro.es\/es\/","name":"Toledo Shooting Simulator","description":"Shooting Simulator N\u00ba1 in Toledo","publisher":{"@id":"https:\/\/simuladorcazaytiro.es\/es\/#organization"},"potentialAction":[{"@type":"SearchAction","target":{"@type":"EntryPoint","urlTemplate":"https:\/\/simuladorcazaytiro.es\/es\/?s={search_term_string}"},"query-input":{"@type":"PropertyValueSpecification","valueRequired":true,"valueName":"search_term_string"}}],"inLanguage":"es"},{"@type":"Organization","@id":"https:\/\/simuladorcazaytiro.es\/es\/#organization","name":"Toledo Shooting Simulator","url":"https:\/\/simuladorcazaytiro.es\/es\/","logo":{"@type":"ImageObject","inLanguage":"es","@id":"https:\/\/simuladorcazaytiro.es\/es\/#\/schema\/logo\/image\/","url":"https:\/\/simuladorcazaytiro.es\/wp-content\/uploads\/2025\/03\/cropped-LOGOfirma.jpg","contentUrl":"https:\/\/simuladorcazaytiro.es\/wp-content\/uploads\/2025\/03\/cropped-LOGOfirma.jpg","width":159,"height":189,"caption":"Toledo Shooting Simulator"},"image":{"@id":"https:\/\/simuladorcazaytiro.es\/es\/#\/schema\/logo\/image\/"}}]}},"jetpack_sharing_enabled":true,"featured_media_urls":[],"_links":{"self":[{"href":"https:\/\/simuladorcazaytiro.es\/es\/wp-json\/wp\/v2\/pages\/6533","targetHints":{"allow":["GET"]}}],"collection":[{"href":"https:\/\/simuladorcazaytiro.es\/es\/wp-json\/wp\/v2\/pages"}],"about":[{"href":"https:\/\/simuladorcazaytiro.es\/es\/wp-json\/wp\/v2\/types\/page"}],"author":[{"embeddable":true,"href":"https:\/\/simuladorcazaytiro.es\/es\/wp-json\/wp\/v2\/users\/1"}],"replies":[{"embeddable":true,"href":"https:\/\/simuladorcazaytiro.es\/es\/wp-json\/wp\/v2\/comments?post=6533"}],"version-history":[{"count":5,"href":"https:\/\/simuladorcazaytiro.es\/es\/wp-json\/wp\/v2\/pages\/6533\/revisions"}],"predecessor-version":[{"id":7218,"href":"https:\/\/simuladorcazaytiro.es\/es\/wp-json\/wp\/v2\/pages\/6533\/revisions\/7218"}],"wp:attachment":[{"href":"https:\/\/simuladorcazaytiro.es\/es\/wp-json\/wp\/v2\/media?parent=6533"}],"curies":[{"name":"wp","href":"https:\/\/api.w.org\/{rel}","templated":true}]}}