{"id":6490,"date":"2022-07-06T18:51:45","date_gmt":"2022-07-06T16:51:45","guid":{"rendered":"https:\/\/simuladorcazaytiro.es\/reservar-ahora\/"},"modified":"2025-10-17T06:39:08","modified_gmt":"2025-10-17T04:39:08","slug":"reservar-ahora","status":"publish","type":"page","link":"https:\/\/simuladorcazaytiro.es\/es\/reservar-ahora\/","title":{"rendered":"Reservar ahora"},"content":{"rendered":"<p>Si quieres reservar el simulador para tu evento y que lo montemos donde necesites (cumplea\u00f1os, fiestas, jornadas de caza, etc) contacta con nosotros en el tel\u00e9fono 649179639 o a trav\u00e9s del correo info@mallorcashootingsimulator.com<\/p>\n<p>Actualmente nos movemos por Toledo y alrededores, pero contacta para ver si podemos desplazarnos hasta tu casa.<\/p>\n<p>\u00a1Te esperamos!<\/p>\n","protected":false},"excerpt":{"rendered":"<p>Si quieres reservar el simulador para tu evento y que lo montemos donde necesites (cumplea\u00f1os, fiestas, jornadas de caza, etc) contacta con nosotros en el tel\u00e9fono 649179639 o a trav\u00e9s del correo info@mallorcashootingsimulator.com Actualmente nos movemos por Toledo y alrededores, pero contacta para ver si podemos desplazarnos hasta tu casa. \u00a1Te esperamos!<\/p>\n","protected":false},"author":1,"featured_media":0,"parent":0,"menu_order":0,"comment_status":"closed","ping_status":"closed","template":"page-templates\/full-width.php","meta":{"footnotes":""},"class_list":["post-6490","page","type-page","status-publish","hentry"],"yoast_head":"<!-- This site is optimized with the Yoast SEO plugin v27.3 - https:\/\/yoast.com\/product\/yoast-seo-wordpress\/ -->\n<title>Reservar ahora - Toledo Shooting Simulator<\/title>\n<meta name=\"description\" content=\"Reserve ahora su sesi\u00f3n de simulador de tiro con antelaci\u00f3n y aseg\u00farese de tener el simulador listo para su entrenamiento o simplemente para disfrutar.\" \/>\n<meta name=\"robots\" content=\"index, follow, max-snippet:-1, max-image-preview:large, max-video-preview:-1\" \/>\n<link rel=\"canonical\" href=\"https:\/\/simuladorcazaytiro.es\/es\/reservar-ahora\/\" \/>\n<meta property=\"og:locale\" content=\"es_ES\" \/>\n<meta property=\"og:type\" content=\"article\" \/>\n<meta property=\"og:title\" content=\"Reservar ahora - Toledo Shooting Simulator\" \/>\n<meta property=\"og:description\" content=\"Reserve ahora su sesi\u00f3n de simulador de tiro con antelaci\u00f3n y aseg\u00farese de tener el simulador listo para su entrenamiento o simplemente para disfrutar.\" \/>\n<meta property=\"og:url\" content=\"https:\/\/simuladorcazaytiro.es\/es\/reservar-ahora\/\" \/>\n<meta property=\"og:site_name\" content=\"Toledo Shooting Simulator\" \/>\n<meta property=\"article:modified_time\" content=\"2025-10-17T04:39:08+00:00\" \/>\n<meta name=\"twitter:card\" content=\"summary_large_image\" \/>\n<script type=\"application\/ld+json\" class=\"yoast-schema-graph\">{\"@context\":\"https:\\\/\\\/schema.org\",\"@graph\":[{\"@type\":\"WebPage\",\"@id\":\"https:\\\/\\\/simuladorcazaytiro.es\\\/es\\\/reservar-ahora\\\/\",\"url\":\"https:\\\/\\\/simuladorcazaytiro.es\\\/es\\\/reservar-ahora\\\/\",\"name\":\"Reservar ahora - Toledo Shooting Simulator\",\"isPartOf\":{\"@id\":\"https:\\\/\\\/simuladorcazaytiro.es\\\/es\\\/#website\"},\"datePublished\":\"2022-07-06T16:51:45+00:00\",\"dateModified\":\"2025-10-17T04:39:08+00:00\",\"description\":\"Reserve ahora su sesi\u00f3n de simulador de tiro con antelaci\u00f3n y aseg\u00farese de tener el simulador listo para su entrenamiento o simplemente para disfrutar.\",\"breadcrumb\":{\"@id\":\"https:\\\/\\\/simuladorcazaytiro.es\\\/es\\\/reservar-ahora\\\/#breadcrumb\"},\"inLanguage\":\"es\",\"potentialAction\":[{\"@type\":\"ReadAction\",\"target\":[\"https:\\\/\\\/simuladorcazaytiro.es\\\/es\\\/reservar-ahora\\\/\"]}]},{\"@type\":\"BreadcrumbList\",\"@id\":\"https:\\\/\\\/simuladorcazaytiro.es\\\/es\\\/reservar-ahora\\\/#breadcrumb\",\"itemListElement\":[{\"@type\":\"ListItem\",\"position\":1,\"name\":\"Home\",\"item\":\"https:\\\/\\\/simuladorcazaytiro.es\\\/es\\\/\"},{\"@type\":\"ListItem\",\"position\":2,\"name\":\"Reservar ahora\"}]},{\"@type\":\"WebSite\",\"@id\":\"https:\\\/\\\/simuladorcazaytiro.es\\\/es\\\/#website\",\"url\":\"https:\\\/\\\/simuladorcazaytiro.es\\\/es\\\/\",\"name\":\"Toledo Shooting Simulator\",\"description\":\"Shooting Simulator N\u00ba1 in Toledo\",\"publisher\":{\"@id\":\"https:\\\/\\\/simuladorcazaytiro.es\\\/es\\\/#organization\"},\"potentialAction\":[{\"@type\":\"SearchAction\",\"target\":{\"@type\":\"EntryPoint\",\"urlTemplate\":\"https:\\\/\\\/simuladorcazaytiro.es\\\/es\\\/?s={search_term_string}\"},\"query-input\":{\"@type\":\"PropertyValueSpecification\",\"valueRequired\":true,\"valueName\":\"search_term_string\"}}],\"inLanguage\":\"es\"},{\"@type\":\"Organization\",\"@id\":\"https:\\\/\\\/simuladorcazaytiro.es\\\/es\\\/#organization\",\"name\":\"Toledo Shooting Simulator\",\"url\":\"https:\\\/\\\/simuladorcazaytiro.es\\\/es\\\/\",\"logo\":{\"@type\":\"ImageObject\",\"inLanguage\":\"es\",\"@id\":\"https:\\\/\\\/simuladorcazaytiro.es\\\/es\\\/#\\\/schema\\\/logo\\\/image\\\/\",\"url\":\"https:\\\/\\\/simuladorcazaytiro.es\\\/wp-content\\\/uploads\\\/2025\\\/03\\\/cropped-LOGOfirma.jpg\",\"contentUrl\":\"https:\\\/\\\/simuladorcazaytiro.es\\\/wp-content\\\/uploads\\\/2025\\\/03\\\/cropped-LOGOfirma.jpg\",\"width\":159,\"height\":189,\"caption\":\"Toledo Shooting Simulator\"},\"image\":{\"@id\":\"https:\\\/\\\/simuladorcazaytiro.es\\\/es\\\/#\\\/schema\\\/logo\\\/image\\\/\"}}]}<\/script>\n<!-- \/ Yoast SEO plugin. -->","yoast_head_json":{"title":"Reservar ahora - Toledo Shooting Simulator","description":"Reserve ahora su sesi\u00f3n de simulador de tiro con antelaci\u00f3n y aseg\u00farese de tener el simulador listo para su entrenamiento o simplemente para disfrutar.","robots":{"index":"index","follow":"follow","max-snippet":"max-snippet:-1","max-image-preview":"max-image-preview:large","max-video-preview":"max-video-preview:-1"},"canonical":"https:\/\/simuladorcazaytiro.es\/es\/reservar-ahora\/","og_locale":"es_ES","og_type":"article","og_title":"Reservar ahora - Toledo Shooting Simulator","og_description":"Reserve ahora su sesi\u00f3n de simulador de tiro con antelaci\u00f3n y aseg\u00farese de tener el simulador listo para su entrenamiento o simplemente para disfrutar.","og_url":"https:\/\/simuladorcazaytiro.es\/es\/reservar-ahora\/","og_site_name":"Toledo Shooting Simulator","article_modified_time":"2025-10-17T04:39:08+00:00","twitter_card":"summary_large_image","schema":{"@context":"https:\/\/schema.org","@graph":[{"@type":"WebPage","@id":"https:\/\/simuladorcazaytiro.es\/es\/reservar-ahora\/","url":"https:\/\/simuladorcazaytiro.es\/es\/reservar-ahora\/","name":"Reservar ahora - Toledo Shooting Simulator","isPartOf":{"@id":"https:\/\/simuladorcazaytiro.es\/es\/#website"},"datePublished":"2022-07-06T16:51:45+00:00","dateModified":"2025-10-17T04:39:08+00:00","description":"Reserve ahora su sesi\u00f3n de simulador de tiro con antelaci\u00f3n y aseg\u00farese de tener el simulador listo para su entrenamiento o simplemente para disfrutar.","breadcrumb":{"@id":"https:\/\/simuladorcazaytiro.es\/es\/reservar-ahora\/#breadcrumb"},"inLanguage":"es","potentialAction":[{"@type":"ReadAction","target":["https:\/\/simuladorcazaytiro.es\/es\/reservar-ahora\/"]}]},{"@type":"BreadcrumbList","@id":"https:\/\/simuladorcazaytiro.es\/es\/reservar-ahora\/#breadcrumb","itemListElement":[{"@type":"ListItem","position":1,"name":"Home","item":"https:\/\/simuladorcazaytiro.es\/es\/"},{"@type":"ListItem","position":2,"name":"Reservar ahora"}]},{"@type":"WebSite","@id":"https:\/\/simuladorcazaytiro.es\/es\/#website","url":"https:\/\/simuladorcazaytiro.es\/es\/","name":"Toledo Shooting Simulator","description":"Shooting Simulator N\u00ba1 in Toledo","publisher":{"@id":"https:\/\/simuladorcazaytiro.es\/es\/#organization"},"potentialAction":[{"@type":"SearchAction","target":{"@type":"EntryPoint","urlTemplate":"https:\/\/simuladorcazaytiro.es\/es\/?s={search_term_string}"},"query-input":{"@type":"PropertyValueSpecification","valueRequired":true,"valueName":"search_term_string"}}],"inLanguage":"es"},{"@type":"Organization","@id":"https:\/\/simuladorcazaytiro.es\/es\/#organization","name":"Toledo Shooting Simulator","url":"https:\/\/simuladorcazaytiro.es\/es\/","logo":{"@type":"ImageObject","inLanguage":"es","@id":"https:\/\/simuladorcazaytiro.es\/es\/#\/schema\/logo\/image\/","url":"https:\/\/simuladorcazaytiro.es\/wp-content\/uploads\/2025\/03\/cropped-LOGOfirma.jpg","contentUrl":"https:\/\/simuladorcazaytiro.es\/wp-content\/uploads\/2025\/03\/cropped-LOGOfirma.jpg","width":159,"height":189,"caption":"Toledo Shooting Simulator"},"image":{"@id":"https:\/\/simuladorcazaytiro.es\/es\/#\/schema\/logo\/image\/"}}]}},"jetpack_sharing_enabled":true,"featured_media_urls":[],"_links":{"self":[{"href":"https:\/\/simuladorcazaytiro.es\/es\/wp-json\/wp\/v2\/pages\/6490","targetHints":{"allow":["GET"]}}],"collection":[{"href":"https:\/\/simuladorcazaytiro.es\/es\/wp-json\/wp\/v2\/pages"}],"about":[{"href":"https:\/\/simuladorcazaytiro.es\/es\/wp-json\/wp\/v2\/types\/page"}],"author":[{"embeddable":true,"href":"https:\/\/simuladorcazaytiro.es\/es\/wp-json\/wp\/v2\/users\/1"}],"replies":[{"embeddable":true,"href":"https:\/\/simuladorcazaytiro.es\/es\/wp-json\/wp\/v2\/comments?post=6490"}],"version-history":[{"count":2,"href":"https:\/\/simuladorcazaytiro.es\/es\/wp-json\/wp\/v2\/pages\/6490\/revisions"}],"predecessor-version":[{"id":7231,"href":"https:\/\/simuladorcazaytiro.es\/es\/wp-json\/wp\/v2\/pages\/6490\/revisions\/7231"}],"wp:attachment":[{"href":"https:\/\/simuladorcazaytiro.es\/es\/wp-json\/wp\/v2\/media?parent=6490"}],"curies":[{"name":"wp","href":"https:\/\/api.w.org\/{rel}","templated":true}]}}